 
{"id":12206,"date":"2018-12-14T09:41:58","date_gmt":"2018-12-14T09:41:58","guid":{"rendered":"http:\/\/stylook.es\/conocenos\/"},"modified":"2019-02-11T11:39:29","modified_gmt":"2019-02-11T11:39:29","slug":"nous-connaitre","status":"publish","type":"page","link":"http:\/\/stylook.es\/fr\/nous-connaitre\/","title":{"rendered":"Nous connaitre"},"content":{"rendered":"[mk_page_section full_width=\u00a0\u00bbtrue\u00a0\u00bb padding_top=\u00a0\u00bb0&Prime; padding_bottom=\u00a0\u00bb0&Prime; margin_bottom=\u00a0\u00bb10&Prime; skip_arrow=\u00a0\u00bbtrue\u00a0\u00bb el_class=\u00a0\u00bbconocenos\u00a0\u00bb sidebar=\u00a0\u00bbsidebar-1&Prime;][vc_column][rev_slider_vc alias=\u00a0\u00bbslider-conocenos-frances\u00a0\u00bb][\/vc_column][\/mk_page_section][mk_page_section padding_top=\u00a0\u00bb20&Prime; padding_bottom=\u00a0\u00bb20&Prime; sidebar=\u00a0\u00bbsidebar-1&Prime;][vc_column width=\u00a0\u00bb1\/2&Prime;][mk_fancy_title tag_name=\u00a0\u00bbh3&Prime; color=\u00a0\u00bb#1a1a1a\u00a0\u00bb size=\u00a0\u00bb20&Prime; font_weight=\u00a0\u00bbbold\u00a0\u00bb font_style=\u00a0\u00bbnormal\u00a0\u00bb font_family=\u00a0\u00bbPoppins\u00a0\u00bb font_type=\u00a0\u00bbgoogle\u00a0\u00bb el_class=\u00a0\u00bbtitulo-conocenos\u00a0\u00bb]Stylook[\/mk_fancy_title][\/vc_column][vc_column width=\u00a0\u00bb1\/2&Prime;][mk_fancy_title tag_name=\u00a0\u00bbspan\u00a0\u00bb color=\u00a0\u00bb#000000&Prime; size=\u00a0\u00bb16&Prime; font_weight=\u00a0\u00bb400&Prime; font_style=\u00a0\u00bbnormal\u00a0\u00bb font_family=\u00a0\u00bbPoppins\u00a0\u00bb font_type=\u00a0\u00bbgoogle\u00a0\u00bb el_class=\u00a0\u00bbtexto-conocenos\u00a0\u00bb]Depuis 2012, nous fabriquons et distribuons la marque STYLOOK, o\u00f9 le premier timbre d&rsquo;identit\u00e9 est FABRIQU\u00c9 EN ESPAGNE.<\/p>\n<p>Malgr\u00e9 les co\u00fbts \u00e9lev\u00e9s de la fabrication nationale et l&rsquo;impact sur le prix de vente au distributeur, les chiffres appuient cette initiative.<\/p>\n<p>Les tissus nationaux, les teintures nationales, la confection et la coupe nationale offrent une GARANTIE DE QUALIT\u00c9, ainsi qu&rsquo;un contr\u00f4le accru du processus de fabrication.<\/p>\n<p>Nous aimons les couleurs, car elles produisent des sensations et notre bureau d\u2019\u00e9tudes \u00e9tudie les combinaisons FUN et ATTRACTIVE.[\/mk_fancy_title][\/vc_column][\/mk_page_section][mk_page_section full_width=\u00a0\u00bbtrue\u00a0\u00bb sidebar=\u00a0\u00bbsidebar-1&Prime;][vc_column width=\u00a0\u00bb1\/2&Prime; el_class=\u00a0\u00bbizquierda-conocenos\u00a0\u00bb][mk_image src=\u00a0\u00bbhttp:\/\/stylook.es\/wp-content\/uploads\/2018\/12\/paralax.jpg\u00a0\u00bb image_width=\u00a0\u00bb960&Prime; image_height=\u00a0\u00bb555&Prime;][\/vc_column][vc_column width=\u00a0\u00bb1\/2&Prime; el_class=\u00a0\u00bbderecha-conocenos\u00a0\u00bb][mk_image src=\u00a0\u00bbhttp:\/\/stylook.es\/wp-content\/uploads\/2018\/12\/disenos.jpg\u00a0\u00bb image_size=\u00a0\u00bbfull\u00a0\u00bb][\/vc_column][\/mk_page_section][mk_page_section padding_top=\u00a0\u00bb30&Prime; padding_bottom=\u00a0\u00bb40&Prime; sidebar=\u00a0\u00bbsidebar-1&Prime;][vc_column width=\u00a0\u00bb1\/2&Prime;][mk_fancy_title tag_name=\u00a0\u00bbh3&Prime; color=\u00a0\u00bb#1a1a1a\u00a0\u00bb size=\u00a0\u00bb20&Prime; font_weight=\u00a0\u00bbbold\u00a0\u00bb font_style=\u00a0\u00bbnormal\u00a0\u00bb font_family=\u00a0\u00bbPoppins\u00a0\u00bb font_type=\u00a0\u00bbgoogle\u00a0\u00bb el_class=\u00a0\u00bbtitulo-conocenos\u00a0\u00bb]Qui nous sommes[\/mk_fancy_title][\/vc_column][vc_column width=\u00a0\u00bb1\/2&Prime;][mk_fancy_title tag_name=\u00a0\u00bbspan\u00a0\u00bb color=\u00a0\u00bb#000000&Prime; size=\u00a0\u00bb16&Prime; font_weight=\u00a0\u00bb400&Prime; font_style=\u00a0\u00bbnormal\u00a0\u00bb font_family=\u00a0\u00bbPoppins\u00a0\u00bb font_type=\u00a0\u00bbgoogle\u00a0\u00bb el_class=\u00a0\u00bbtexto-conocenos\u00a0\u00bb]<span class=\"tlid-translation translation\"><span class=\"\" title=\"\">STYLOOK est compos\u00e9 de jeunes, tr\u00e8s jeunes, d\u00e9sireux d&rsquo;innover, d&rsquo;inventer et de continuer \u00e0 jouer un r\u00f4le dans le secteur textile national du don.<\/span><\/span><\/p>\n<p><span class=\"tlid-translation translation\"><span title=\"\">Quel meilleur souvenir de voyage qu&rsquo;un cadeau 100% MADE IN SPAIN.<\/span> <span class=\"\" title=\"\">Ici, dans votre communaut\u00e9, dans votre province, dans votre ville.<\/span><\/span><\/p>\n<p><span class=\"tlid-translation translation\"><span class=\"\" title=\"\">Nous esp\u00e9rons continuer \u00e0 compter sur votre confiance, comme nous l\u2019avons fait jusqu\u2019\u00e0 pr\u00e9sent. Nous avons accompli beaucoup de choses en un an et NOUS NE VONT PAS ARR\u00caTER.<\/span><\/span><\/p>\n<p><span class=\"tlid-translation translation\"><span class=\"\" title=\"\">L&rsquo;\u00e9quipe<\/span><\/span> NO LO DUDES, S.L[\/mk_fancy_title][\/vc_column][\/mk_page_section]\n","protected":false},"excerpt":{"rendered":"<p>[mk_page_section full_width=\u00a0\u00bbtrue\u00a0\u00bb padding_top=\u00a0\u00bb0&Prime; padding_bottom=\u00a0\u00bb0&Prime; margin_bottom=\u00a0\u00bb10&Prime; skip_arrow=\u00a0\u00bbtrue\u00a0\u00bb el_class=\u00a0\u00bbconocenos\u00a0\u00bb sidebar=\u00a0\u00bbsidebar-1&Prime;][vc_column][rev_slider_vc alias=\u00a0\u00bbslider-conocenos-frances\u00a0\u00bb][\/vc_column][\/mk_page_section][mk_page_section padding_top=\u00a0\u00bb20&Prime; padding_bottom=\u00a0\u00bb20&Prime; sidebar=\u00a0\u00bbsidebar-1&Prime;][vc_column width=\u00a0\u00bb1\/2&Prime;][mk_fancy_title tag_name=\u00a0\u00bbh3&Prime; color=\u00a0\u00bb#1a1a1a\u00a0\u00bb size=\u00a0\u00bb20&Prime; font_weight=\u00a0\u00bbbold\u00a0\u00bb font_style=\u00a0\u00bbnormal\u00a0\u00bb font_family=\u00a0\u00bbPoppins\u00a0\u00bb font_type=\u00a0\u00bbgoogle\u00a0\u00bb el_class=\u00a0\u00bbtitulo-conocenos\u00a0\u00bb]Stylook[\/mk_fancy_title][\/vc_column][vc_column width=\u00a0\u00bb1\/2&Prime;][mk_fancy_title tag_name=\u00a0\u00bbspan\u00a0\u00bb color=\u00a0\u00bb#000000&Prime; size=\u00a0\u00bb16&Prime; font_weight=\u00a0\u00bb400&Prime; font_style=\u00a0\u00bbnormal\u00a0\u00bb font_family=\u00a0\u00bbPoppins\u00a0\u00bb font_type=\u00a0\u00bbgoogle\u00a0\u00bb el_class=\u00a0\u00bbtexto-conocenos\u00a0\u00bb]Depuis 2012, nous fabriquons et distribuons la marque STYLOOK, o\u00f9 le premier timbre d&rsquo;identit\u00e9 est FABRIQU\u00c9 EN ESPAGNE. Malgr\u00e9 les co\u00fbts \u00e9lev\u00e9s de la fabrication nationale [&hellip;]<\/p>\n","protected":false},"author":1,"featured_media":0,"parent":0,"menu_order":0,"comment_status":"closed","ping_status":"closed","template":"","meta":{"footnotes":""},"class_list":["post-12206","page","type-page","status-publish","hentry"],"_links":{"self":[{"href":"http:\/\/stylook.es\/fr\/wp-json\/wp\/v2\/pages\/12206","targetHints":{"allow":["GET"]}}],"collection":[{"href":"http:\/\/stylook.es\/fr\/wp-json\/wp\/v2\/pages"}],"about":[{"href":"http:\/\/stylook.es\/fr\/wp-json\/wp\/v2\/types\/page"}],"author":[{"embeddable":true,"href":"http:\/\/stylook.es\/fr\/wp-json\/wp\/v2\/users\/1"}],"replies":[{"embeddable":true,"href":"http:\/\/stylook.es\/fr\/wp-json\/wp\/v2\/comments?post=12206"}],"version-history":[{"count":4,"href":"http:\/\/stylook.es\/fr\/wp-json\/wp\/v2\/pages\/12206\/revisions"}],"predecessor-version":[{"id":12317,"href":"http:\/\/stylook.es\/fr\/wp-json\/wp\/v2\/pages\/12206\/revisions\/12317"}],"wp:attachment":[{"href":"http:\/\/stylook.es\/fr\/wp-json\/wp\/v2\/media?parent=12206"}],"curies":[{"name":"wp","href":"https:\/\/api.w.org\/{rel}","templated":true}]}}